{"id":3,"date":"2020-07-18T18:20:00","date_gmt":"2020-07-18T18:20:00","guid":{"rendered":"https:\/\/investfy.es\/invertir-en-panama\/?page_id=3"},"modified":"2023-05-21T07:54:29","modified_gmt":"2023-05-21T07:54:29","slug":"politica-de-privacidad","status":"publish","type":"page","link":"https:\/\/investfy.es\/invertir-en-republica-dominicana\/politica-de-privacidad\/","title":{"rendered":"Pol\u00edtica de privacidad"},"content":{"rendered":"<header id=\"main-header\" class=\"et-fixed-header\" data-height-onload=\"80\" data-height-loaded=\"true\" data-fixed-height-onload=\"80\">\r\n<div class=\"container clearfix et_menu_container\">\r\n<div id=\"et-top-navigation\" data-height=\"66\" data-fixed-height=\"48\">\u00a0<\/div>\r\n<\/div>\r\n<\/header>\r\n<div id=\"et-main-area\">\r\n<div id=\"main-content\">\r\n<div class=\"container\">\r\n<div id=\"content-area\" class=\"clearfix\">\r\n<div id=\"left-area\">\r\n<article id=\"post-31025\" class=\"post-31025 page type-page status-publish hentry\">\r\n<h1 class=\"entry-title main_title wp-block-heading\">Pol\u00edtica de privacidad<\/h1>\r\n<div class=\"entry-content\">\r\n<p style=\"font-weight: 400;\">Le informamos conforme a lo previsto en el RGPD de 27 de abril de 2016 que INVESTFY REAL ESTATE, S.L, con CIF: B-06939706 recaba y trata sus datos de car\u00e1cter personal, aplicando las medidas t\u00e9cnicas y organizativas que garantizan su confidencialidad, con la finalidad de gestionar la relaci\u00f3n que le vincula. Usted da su consentimiento y autorizaci\u00f3n para dicho tratamiento. La finalidad del mismo ser\u00e1 la desarrollada a continuaci\u00f3n. Sus datos personales no ser\u00e1n cedidos a terceras personas ni organizaciones, con la salvedad de que dicha cesi\u00f3n est\u00e9 amparada por una obligaci\u00f3n legal. Conservaremos sus datos de car\u00e1cter personal \u00fanicamente el tiempo imprescindible para gestionar nuestra relaci\u00f3n. Podr\u00e1 ejercitar los derechos de acceso, rectificaci\u00f3n, supresi\u00f3n, limitaci\u00f3n, portabilidad y oposici\u00f3n dirigi\u00e9ndose a INVESTFY REAL ESTATE, S.L. con direcci\u00f3n C\/ Alcalde Sainz de Baranda, 55, Bajo B,28009, MADRID. TFN: 918298509 Mail: <a href=\"mailto:hola@investfy.es\">hola@investfy.es<\/a><\/p>\r\n<p style=\"font-weight: 400;\">\u00a0<\/p>\r\n<p style=\"font-weight: 400;\">Finalidad:<\/p>\r\n<p style=\"font-weight: 400;\">&#8211;\u00a0 \u00a0En base a tu consentimiento, trataremos tus datos personales para:<\/p>\r\n<ul>\r\n<li style=\"font-weight: 400;\">Poder atender a tus consultas, preguntas o solicitudes realizadas a trav\u00e9s de los canales de atenci\u00f3n o comunicaci\u00f3n identificados en la Web y, en su caso, contactarte, incluso a trav\u00e9s de medios electr\u00f3nicos, tales como correo electr\u00f3nico, mensaje o mensajer\u00eda instant\u00e1nea (whatsapp), para gestionarlas.<\/li>\r\n<li style=\"font-weight: 400;\">Enviarte comunicaciones comerciales, por medios electr\u00f3nicos tales como correo electr\u00f3nico o mensajer\u00eda instant\u00e1nea (whatsapp), adaptadas a tus preferencias sobre nuestros productos o servicios, elaborando para ello un perfil comercial en base a las b\u00fasquedas de activos que hayas realizado de forma previa.<\/li>\r\n<li style=\"font-weight: 400;\">Gestionar tu suscripci\u00f3n a nuestra Newsletter y remit\u00edrtela peri\u00f3dicamente a la direcci\u00f3n de correo electr\u00f3nico que nos facilites a tales efectos.<\/li>\r\n<li style=\"font-weight: 400;\">Prestarte y gestionar los servicios solicitados.\u00a0 \u00a0<\/li>\r\n<li style=\"font-weight: 400;\">Valorar tu propuesta de inversi\u00f3n en alguno de los activos inmobiliarios contenidos en nuestra cartera.<\/li>\r\n<li style=\"font-weight: 400;\">Atender tu solicitud y proporcionarte el asesoramiento para las inversiones.\u00a0\u00a0<\/li>\r\n<li style=\"font-weight: 400;\">Informarte de las posibles variaciones de precio respecto de los inmuebles de tu inter\u00e9s.<\/li>\r\n<li style=\"font-weight: 400;\">Guardar tus b\u00fasquedas de inmuebles para futuras visitas a nuestra web y permitirte hacer un seguimiento de los inmuebles que marques como favoritos.<\/li>\r\n<li style=\"font-weight: 400;\">Gestionar la relaci\u00f3n comercial, contractual o de cualquier \u00edndole que mantengas con Investfy Real Estate, S.L<\/li>\r\n<\/ul>\r\n<p style=\"font-weight: 400;\">\u00a0<\/p>\r\n<\/div>\r\n<\/article>\r\n<\/div>\r\n<\/div>\r\n<\/div>\r\n<\/div>\r\n<\/div>\r\n","protected":false},"excerpt":{"rendered":"<p>\u00a0 Pol\u00edtica de privacidad Le informamos conforme a lo previsto en el RGPD de 27 de abril de 2016 que INVESTFY REAL ESTATE, S.L, con CIF: B-06939706 recaba y trata sus datos de car\u00e1cter personal, aplicando las medidas t\u00e9cnicas y organizativas que garantizan su confidencialidad, con la finalidad de gestionar la relaci\u00f3n que le vincula. Usted da su consentimiento y autorizaci\u00f3n para dicho tratamiento. La finalidad del mismo ser\u00e1 la desarrollada a continuaci\u00f3n. Sus datos personales no ser\u00e1n cedidos a terceras personas ni organizaciones, con la salvedad de que dicha cesi\u00f3n est\u00e9 amparada por una obligaci\u00f3n legal. Conservaremos sus datos de car\u00e1cter personal \u00fanicamente el tiempo imprescindible para gestionar nuestra relaci\u00f3n. Podr\u00e1 ejercitar los derechos de acceso, rectificaci\u00f3n, supresi\u00f3n, limitaci\u00f3n, portabilidad y oposici\u00f3n dirigi\u00e9ndose a INVESTFY REAL ESTATE, S.L. con direcci\u00f3n C\/ Alcalde Sainz de Baranda, 55, Bajo B,28009, MADRID. TFN: 918298509 Mail: hola@investfy.es \u00a0 Finalidad: &#8211;\u00a0 \u00a0En base a tu consentimiento, trataremos tus datos personales para: Poder atender a tus consultas, preguntas o solicitudes realizadas a trav\u00e9s de los canales de atenci\u00f3n o comunicaci\u00f3n identificados en la Web y, en su caso, contactarte, incluso a trav\u00e9s de medios electr\u00f3nicos, tales como correo electr\u00f3nico, mensaje o mensajer\u00eda instant\u00e1nea (whatsapp), para gestionarlas. Enviarte comunicaciones comerciales, por medios electr\u00f3nicos tales como correo electr\u00f3nico o mensajer\u00eda instant\u00e1nea (whatsapp), adaptadas a tus preferencias sobre nuestros productos o servicios, elaborando para ello un perfil comercial en base a las b\u00fasquedas de activos que hayas realizado de forma previa. Gestionar tu suscripci\u00f3n a nuestra Newsletter y remit\u00edrtela peri\u00f3dicamente a la direcci\u00f3n de correo electr\u00f3nico que nos facilites a tales efectos. Prestarte y gestionar los servicios solicitados.\u00a0 \u00a0 Valorar tu propuesta de inversi\u00f3n en alguno de los activos inmobiliarios contenidos en nuestra cartera. Atender tu solicitud y proporcionarte el asesoramiento para las inversiones.\u00a0\u00a0 Informarte de las posibles variaciones de precio respecto de los inmuebles de tu inter\u00e9s. Guardar tus b\u00fasquedas de inmuebles para futuras visitas a nuestra web y permitirte hacer un seguimiento de los inmuebles que marques como favoritos. Gestionar la relaci\u00f3n comercial, contractual o de cualquier \u00edndole que mantengas con Investfy Real Estate, S.L \u00a0<\/p>\n","protected":false},"author":1,"featured_media":0,"parent":0,"menu_order":0,"comment_status":"closed","ping_status":"open","template":"","meta":{"_joinchat":[],"footnotes":""},"class_list":["post-3","page","type-page","status-publish","hentry"],"yoast_head":"<!-- This site is optimized with the Yoast SEO plugin v25.4 - https:\/\/yoast.com\/wordpress\/plugins\/seo\/ -->\n<title>Pol\u00edtica de privacidad - Investfy<\/title>\n<meta name=\"robots\" content=\"noindex, follow\" \/>\n<meta property=\"og:locale\" content=\"es_ES\" \/>\n<meta property=\"og:type\" content=\"article\" \/>\n<meta property=\"og:title\" content=\"Pol\u00edtica de privacidad - Investfy\" \/>\n<meta property=\"og:description\" content=\"\u00a0 Pol\u00edtica de privacidad Le informamos conforme a lo previsto en el RGPD de 27 de abril de 2016 que INVESTFY REAL ESTATE, S.L, con CIF: B-06939706 recaba y trata sus datos de car\u00e1cter personal, aplicando las medidas t\u00e9cnicas y organizativas que garantizan su confidencialidad, con la finalidad de gestionar la relaci\u00f3n que le vincula. Usted da su consentimiento y autorizaci\u00f3n para dicho tratamiento. La finalidad del mismo ser\u00e1 la desarrollada a continuaci\u00f3n. Sus datos personales no ser\u00e1n cedidos a terceras personas ni organizaciones, con la salvedad de que dicha cesi\u00f3n est\u00e9 amparada por una obligaci\u00f3n legal. Conservaremos sus datos de car\u00e1cter personal \u00fanicamente el tiempo imprescindible para gestionar nuestra relaci\u00f3n. Podr\u00e1 ejercitar los derechos de acceso, rectificaci\u00f3n, supresi\u00f3n, limitaci\u00f3n, portabilidad y oposici\u00f3n dirigi\u00e9ndose a INVESTFY REAL ESTATE, S.L. con direcci\u00f3n C\/ Alcalde Sainz de Baranda, 55, Bajo B,28009, MADRID. TFN: 918298509 Mail: hola@investfy.es \u00a0 Finalidad: &#8211;\u00a0 \u00a0En base a tu consentimiento, trataremos tus datos personales para: Poder atender a tus consultas, preguntas o solicitudes realizadas a trav\u00e9s de los canales de atenci\u00f3n o comunicaci\u00f3n identificados en la Web y, en su caso, contactarte, incluso a trav\u00e9s de medios electr\u00f3nicos, tales como correo electr\u00f3nico, mensaje o mensajer\u00eda instant\u00e1nea (whatsapp), para gestionarlas. Enviarte comunicaciones comerciales, por medios electr\u00f3nicos tales como correo electr\u00f3nico o mensajer\u00eda instant\u00e1nea (whatsapp), adaptadas a tus preferencias sobre nuestros productos o servicios, elaborando para ello un perfil comercial en base a las b\u00fasquedas de activos que hayas realizado de forma previa. Gestionar tu suscripci\u00f3n a nuestra Newsletter y remit\u00edrtela peri\u00f3dicamente a la direcci\u00f3n de correo electr\u00f3nico que nos facilites a tales efectos. Prestarte y gestionar los servicios solicitados.\u00a0 \u00a0 Valorar tu propuesta de inversi\u00f3n en alguno de los activos inmobiliarios contenidos en nuestra cartera. Atender tu solicitud y proporcionarte el asesoramiento para las inversiones.\u00a0\u00a0 Informarte de las posibles variaciones de precio respecto de los inmuebles de tu inter\u00e9s. Guardar tus b\u00fasquedas de inmuebles para futuras visitas a nuestra web y permitirte hacer un seguimiento de los inmuebles que marques como favoritos. Gestionar la relaci\u00f3n comercial, contractual o de cualquier \u00edndole que mantengas con Investfy Real Estate, S.L \u00a0\" \/>\n<meta property=\"og:url\" content=\"https:\/\/investfy.es\/invertir-en-republica-dominicana\/politica-de-privacidad\/\" \/>\n<meta property=\"og:site_name\" content=\"Investfy\" \/>\n<meta property=\"article:modified_time\" content=\"2023-05-21T07:54:29+00:00\" \/>\n<meta name=\"twitter:card\" content=\"summary_large_image\" \/>\n<meta name=\"twitter:label1\" content=\"Tiempo de lectura\" \/>\n\t<meta name=\"twitter:data1\" content=\"2 minutos\" \/>\n<script type=\"application\/ld+json\" class=\"yoast-schema-graph\">{\"@context\":\"https:\/\/schema.org\",\"@graph\":[{\"@type\":\"WebPage\",\"@id\":\"https:\/\/investfy.es\/invertir-en-republica-dominicana\/politica-de-privacidad\/\",\"url\":\"https:\/\/investfy.es\/invertir-en-republica-dominicana\/politica-de-privacidad\/\",\"name\":\"Pol\u00edtica de privacidad - Investfy\",\"isPartOf\":{\"@id\":\"https:\/\/investfy.es\/invertir-en-republica-dominicana\/#website\"},\"datePublished\":\"2020-07-18T18:20:00+00:00\",\"dateModified\":\"2023-05-21T07:54:29+00:00\",\"breadcrumb\":{\"@id\":\"https:\/\/investfy.es\/invertir-en-republica-dominicana\/politica-de-privacidad\/#breadcrumb\"},\"inLanguage\":\"es\",\"potentialAction\":[{\"@type\":\"ReadAction\",\"target\":[\"https:\/\/investfy.es\/invertir-en-republica-dominicana\/politica-de-privacidad\/\"]}]},{\"@type\":\"BreadcrumbList\",\"@id\":\"https:\/\/investfy.es\/invertir-en-republica-dominicana\/politica-de-privacidad\/#breadcrumb\",\"itemListElement\":[{\"@type\":\"ListItem\",\"position\":1,\"name\":\"Portada\",\"item\":\"https:\/\/investfy.es\/invertir-en-republica-dominicana\/\"},{\"@type\":\"ListItem\",\"position\":2,\"name\":\"Pol\u00edtica de privacidad\"}]},{\"@type\":\"WebSite\",\"@id\":\"https:\/\/investfy.es\/invertir-en-republica-dominicana\/#website\",\"url\":\"https:\/\/investfy.es\/invertir-en-republica-dominicana\/\",\"name\":\"Investfy\",\"description\":\"Inversiones Inmobiliarias en Panam\u00e1\",\"publisher\":{\"@id\":\"https:\/\/investfy.es\/invertir-en-republica-dominicana\/#organization\"},\"potentialAction\":[{\"@type\":\"SearchAction\",\"target\":{\"@type\":\"EntryPoint\",\"urlTemplate\":\"https:\/\/investfy.es\/invertir-en-republica-dominicana\/?s={search_term_string}\"},\"query-input\":{\"@type\":\"PropertyValueSpecification\",\"valueRequired\":true,\"valueName\":\"search_term_string\"}}],\"inLanguage\":\"es\"},{\"@type\":\"Organization\",\"@id\":\"https:\/\/investfy.es\/invertir-en-republica-dominicana\/#organization\",\"name\":\"Investfy\",\"url\":\"https:\/\/investfy.es\/invertir-en-republica-dominicana\/\",\"logo\":{\"@type\":\"ImageObject\",\"inLanguage\":\"es\",\"@id\":\"https:\/\/investfy.es\/invertir-en-republica-dominicana\/#\/schema\/logo\/image\/\",\"url\":\"https:\/\/investfy.es\/invertir-en-republica-dominicana\/wp-content\/uploads\/2020\/10\/investfy-logo-e1603106409779.png\",\"contentUrl\":\"https:\/\/investfy.es\/invertir-en-republica-dominicana\/wp-content\/uploads\/2020\/10\/investfy-logo-e1603106409779.png\",\"width\":78,\"height\":70,\"caption\":\"Investfy\"},\"image\":{\"@id\":\"https:\/\/investfy.es\/invertir-en-republica-dominicana\/#\/schema\/logo\/image\/\"}}]}<\/script>\n<!-- \/ Yoast SEO plugin. -->","yoast_head_json":{"title":"Pol\u00edtica de privacidad - Investfy","robots":{"index":"noindex","follow":"follow"},"og_locale":"es_ES","og_type":"article","og_title":"Pol\u00edtica de privacidad - Investfy","og_description":"\u00a0 Pol\u00edtica de privacidad Le informamos conforme a lo previsto en el RGPD de 27 de abril de 2016 que INVESTFY REAL ESTATE, S.L, con CIF: B-06939706 recaba y trata sus datos de car\u00e1cter personal, aplicando las medidas t\u00e9cnicas y organizativas que garantizan su confidencialidad, con la finalidad de gestionar la relaci\u00f3n que le vincula. Usted da su consentimiento y autorizaci\u00f3n para dicho tratamiento. La finalidad del mismo ser\u00e1 la desarrollada a continuaci\u00f3n. Sus datos personales no ser\u00e1n cedidos a terceras personas ni organizaciones, con la salvedad de que dicha cesi\u00f3n est\u00e9 amparada por una obligaci\u00f3n legal. Conservaremos sus datos de car\u00e1cter personal \u00fanicamente el tiempo imprescindible para gestionar nuestra relaci\u00f3n. Podr\u00e1 ejercitar los derechos de acceso, rectificaci\u00f3n, supresi\u00f3n, limitaci\u00f3n, portabilidad y oposici\u00f3n dirigi\u00e9ndose a INVESTFY REAL ESTATE, S.L. con direcci\u00f3n C\/ Alcalde Sainz de Baranda, 55, Bajo B,28009, MADRID. TFN: 918298509 Mail: hola@investfy.es \u00a0 Finalidad: &#8211;\u00a0 \u00a0En base a tu consentimiento, trataremos tus datos personales para: Poder atender a tus consultas, preguntas o solicitudes realizadas a trav\u00e9s de los canales de atenci\u00f3n o comunicaci\u00f3n identificados en la Web y, en su caso, contactarte, incluso a trav\u00e9s de medios electr\u00f3nicos, tales como correo electr\u00f3nico, mensaje o mensajer\u00eda instant\u00e1nea (whatsapp), para gestionarlas. Enviarte comunicaciones comerciales, por medios electr\u00f3nicos tales como correo electr\u00f3nico o mensajer\u00eda instant\u00e1nea (whatsapp), adaptadas a tus preferencias sobre nuestros productos o servicios, elaborando para ello un perfil comercial en base a las b\u00fasquedas de activos que hayas realizado de forma previa. Gestionar tu suscripci\u00f3n a nuestra Newsletter y remit\u00edrtela peri\u00f3dicamente a la direcci\u00f3n de correo electr\u00f3nico que nos facilites a tales efectos. Prestarte y gestionar los servicios solicitados.\u00a0 \u00a0 Valorar tu propuesta de inversi\u00f3n en alguno de los activos inmobiliarios contenidos en nuestra cartera. Atender tu solicitud y proporcionarte el asesoramiento para las inversiones.\u00a0\u00a0 Informarte de las posibles variaciones de precio respecto de los inmuebles de tu inter\u00e9s. Guardar tus b\u00fasquedas de inmuebles para futuras visitas a nuestra web y permitirte hacer un seguimiento de los inmuebles que marques como favoritos. Gestionar la relaci\u00f3n comercial, contractual o de cualquier \u00edndole que mantengas con Investfy Real Estate, S.L \u00a0","og_url":"https:\/\/investfy.es\/invertir-en-republica-dominicana\/politica-de-privacidad\/","og_site_name":"Investfy","article_modified_time":"2023-05-21T07:54:29+00:00","twitter_card":"summary_large_image","twitter_misc":{"Tiempo de lectura":"2 minutos"},"schema":{"@context":"https:\/\/schema.org","@graph":[{"@type":"WebPage","@id":"https:\/\/investfy.es\/invertir-en-republica-dominicana\/politica-de-privacidad\/","url":"https:\/\/investfy.es\/invertir-en-republica-dominicana\/politica-de-privacidad\/","name":"Pol\u00edtica de privacidad - Investfy","isPartOf":{"@id":"https:\/\/investfy.es\/invertir-en-republica-dominicana\/#website"},"datePublished":"2020-07-18T18:20:00+00:00","dateModified":"2023-05-21T07:54:29+00:00","breadcrumb":{"@id":"https:\/\/investfy.es\/invertir-en-republica-dominicana\/politica-de-privacidad\/#breadcrumb"},"inLanguage":"es","potentialAction":[{"@type":"ReadAction","target":["https:\/\/investfy.es\/invertir-en-republica-dominicana\/politica-de-privacidad\/"]}]},{"@type":"BreadcrumbList","@id":"https:\/\/investfy.es\/invertir-en-republica-dominicana\/politica-de-privacidad\/#breadcrumb","itemListElement":[{"@type":"ListItem","position":1,"name":"Portada","item":"https:\/\/investfy.es\/invertir-en-republica-dominicana\/"},{"@type":"ListItem","position":2,"name":"Pol\u00edtica de privacidad"}]},{"@type":"WebSite","@id":"https:\/\/investfy.es\/invertir-en-republica-dominicana\/#website","url":"https:\/\/investfy.es\/invertir-en-republica-dominicana\/","name":"Investfy","description":"Inversiones Inmobiliarias en Panam\u00e1","publisher":{"@id":"https:\/\/investfy.es\/invertir-en-republica-dominicana\/#organization"},"potentialAction":[{"@type":"SearchAction","target":{"@type":"EntryPoint","urlTemplate":"https:\/\/investfy.es\/invertir-en-republica-dominicana\/?s={search_term_string}"},"query-input":{"@type":"PropertyValueSpecification","valueRequired":true,"valueName":"search_term_string"}}],"inLanguage":"es"},{"@type":"Organization","@id":"https:\/\/investfy.es\/invertir-en-republica-dominicana\/#organization","name":"Investfy","url":"https:\/\/investfy.es\/invertir-en-republica-dominicana\/","logo":{"@type":"ImageObject","inLanguage":"es","@id":"https:\/\/investfy.es\/invertir-en-republica-dominicana\/#\/schema\/logo\/image\/","url":"https:\/\/investfy.es\/invertir-en-republica-dominicana\/wp-content\/uploads\/2020\/10\/investfy-logo-e1603106409779.png","contentUrl":"https:\/\/investfy.es\/invertir-en-republica-dominicana\/wp-content\/uploads\/2020\/10\/investfy-logo-e1603106409779.png","width":78,"height":70,"caption":"Investfy"},"image":{"@id":"https:\/\/investfy.es\/invertir-en-republica-dominicana\/#\/schema\/logo\/image\/"}}]}},"_links":{"self":[{"href":"https:\/\/investfy.es\/invertir-en-republica-dominicana\/wp-json\/wp\/v2\/pages\/3","targetHints":{"allow":["GET"]}}],"collection":[{"href":"https:\/\/investfy.es\/invertir-en-republica-dominicana\/wp-json\/wp\/v2\/pages"}],"about":[{"href":"https:\/\/investfy.es\/invertir-en-republica-dominicana\/wp-json\/wp\/v2\/types\/page"}],"author":[{"embeddable":true,"href":"https:\/\/investfy.es\/invertir-en-republica-dominicana\/wp-json\/wp\/v2\/users\/1"}],"replies":[{"embeddable":true,"href":"https:\/\/investfy.es\/invertir-en-republica-dominicana\/wp-json\/wp\/v2\/comments?post=3"}],"version-history":[{"count":0,"href":"https:\/\/investfy.es\/invertir-en-republica-dominicana\/wp-json\/wp\/v2\/pages\/3\/revisions"}],"wp:attachment":[{"href":"https:\/\/investfy.es\/invertir-en-republica-dominicana\/wp-json\/wp\/v2\/media?parent=3"}],"curies":[{"name":"wp","href":"https:\/\/api.w.org\/{rel}","templated":true}]}}